{"id":32,"date":"2016-05-28T20:55:45","date_gmt":"2016-05-28T20:55:45","guid":{"rendered":"http:\/\/192.168.1.27\/wordpress\/?page_id=32"},"modified":"2024-06-11T14:37:44","modified_gmt":"2024-06-11T12:37:44","slug":"uber-mich","status":"publish","type":"page","link":"https:\/\/www.antje-loos-heilpraktikerin.de\/wordpress\/uber-mich\/","title":{"rendered":"Pers\u00f6nliche berufliche Entwicklung"},"content":{"rendered":"<figure id=\"attachment_232\" aria-describedby=\"caption-attachment-232\" style=\"width: 232px\" class=\"wp-caption alignright\"><img loading=\"lazy\" decoding=\"async\" class=\"size-medium wp-image-232\" src=\"http:\/\/www.antje-loos-heilpraktikerin.de\/wordpress\/wp-content\/uploads\/2016\/05\/DSC_0042-232x300.jpg\" alt=\"Antje Loos, Heilpraktikerin seit 1996\" width=\"232\" height=\"300\" srcset=\"https:\/\/www.antje-loos-heilpraktikerin.de\/wordpress\/wp-content\/uploads\/2016\/05\/DSC_0042-232x300.jpg 232w, https:\/\/www.antje-loos-heilpraktikerin.de\/wordpress\/wp-content\/uploads\/2016\/05\/DSC_0042.jpg 520w\" sizes=\"auto, (max-width: 232px) 100vw, 232px\" \/><figcaption id=\"caption-attachment-232\" class=\"wp-caption-text\">Antje Loos, Heilpraktikerin seit 1996<\/figcaption><\/figure>\n<p style=\"text-align: left;\">Antje Loos wurde 1963 in Dortmund unter dem M\u00e4dchennamen Dembeck geboren und wuchs nach kurzer Zwischenstation bei K\u00f6ln im wesentlichen in der N\u00e4he von Stuttgart auf. Pr\u00e4gend f\u00fcr ihre einf\u00fchlsame Art war sicherlich der 2-j\u00e4hrige Auslands-Aufenthalt im Staat New York der U.S.A. in ihrem 11. und 12. Lebensjahr ihres jungen Daseins. Nach dem Abitur am Otto-Hahn-Gymnasium in B\u00f6blingen folgte sie zun\u00e4chst den elterlichen Vorstellungen eines &#8222;sicheren&#8220; Berufs und absolvierte ein Studium zur Diplom-Ingenieurin (FH)\u00a0 f\u00fcr Oberfl\u00e4chentechnik und Werkstoffkunde an der Fachhochschule Aalen in Baden-W\u00fcrttemberg. Danach war sie 7 Jahre lang am Bodensee in der Fertigungsentwicklung von technischen Werkstoffen und deren Oberfl\u00e4cheng\u00fcte im Flugzeugbau t\u00e4tig.<\/p>\n<p>Durch einen schweren Sport-Unfall suchte Antje Loos Symptomerleichterung und h\u00f6rte zuf\u00e4llig im Wartzeimmer eines Arztes \u00fcber einen ebenfalls wartenden Patienten von der Akupunkt-Massage nach Penzel. Sie lernte die &#8222;APM&#8220; am eigenen Leib kennen und sprach gut auf die Behandlungen an. Der K\u00f6rper regenerierte sich, nach einer zuvor monatelang andauernden Zeit der anhaltenden Unp\u00e4sslichkeiten, nun\u00a0vollst\u00e4ndig innerhalb weniger Wochen.<\/p>\n<p>Zumal damals zu der Zeit betriebliche Umstrukturierungsma\u00dfnahmen zum beruflichen Umdenken einluden, ergriff Antje Loos die Gelegenheit und w\u00e4hlte endlich selbstbestimmt ihren neuen Beruf. Hoch motiviert durch ihre gesundheitliche Wiederherstellung, begann sie eine Heilpraktikerausbildung an der Heilpraktikerschule Haferanke in Gotha mit dem Schwerpunkt Hom\u00f6opathie. Parallel dazu erfolgte die Fachausbildung in der Akupunkt-Massage nach Penzel am Lehrinstitut in Heyen, die auch die energetisch-physiologische Wirbels\u00e4ulen-, Gelenk- und Narbenbehandlung sowie die Ohrreflexzonentherapie beinhaltet.\u00a0 So bereits mit Grundhandwerkszeug ausgestattet, startete Antje Loos Ende 1996 nach bestandener Heilpraktikerpr\u00fcfung in Jena mutig in die eigene Praxis.<\/p>\n<figure id=\"attachment_463\" aria-describedby=\"caption-attachment-463\" style=\"width: 660px\" class=\"wp-caption aligncenter\"><a href=\"http:\/\/www.apm-penzel.de\" target=\"_blank\" rel=\"noopener noreferrer\"><img loading=\"lazy\" decoding=\"async\" class=\"wp-image-463 size-large\" src=\"http:\/\/www.antje-loos-heilpraktikerin.de\/wordpress\/wp-content\/uploads\/2016\/05\/penzel_logoitv_mitglied_4jpg-1024x275.jpg\" alt=\"Heilpraktikerin Antje Loos ist bereits seit Anfang 1997 Mitglied im Internationalen Therapeutenverband f\u00fcr die Akupunkt-Massage nach Penzel, die nach ihrem Begr\u00fcnder Willy Penzel benannt worden ist. \" width=\"660\" height=\"177\" srcset=\"https:\/\/www.antje-loos-heilpraktikerin.de\/wordpress\/wp-content\/uploads\/2016\/05\/penzel_logoitv_mitglied_4jpg-1024x275.jpg 1024w, https:\/\/www.antje-loos-heilpraktikerin.de\/wordpress\/wp-content\/uploads\/2016\/05\/penzel_logoitv_mitglied_4jpg-300x80.jpg 300w, https:\/\/www.antje-loos-heilpraktikerin.de\/wordpress\/wp-content\/uploads\/2016\/05\/penzel_logoitv_mitglied_4jpg-768x206.jpg 768w, https:\/\/www.antje-loos-heilpraktikerin.de\/wordpress\/wp-content\/uploads\/2016\/05\/penzel_logoitv_mitglied_4jpg.jpg 1193w\" sizes=\"auto, (max-width: 660px) 100vw, 660px\" \/><\/a><figcaption id=\"caption-attachment-463\" class=\"wp-caption-text\">Heilpraktikerin Antje Loos ist bereits seit Anfang 1997 Mitglied im Internationalen Therapeutenverband f\u00fcr die Akupunkt-Massage nach Penzel, die nach ihrem Begr\u00fcnder Willy Penzel benannt worden ist.<\/figcaption><\/figure>\n<p>Zahlreiche Weiterbildungen erweiterten und vertieften zunehmend das energetische Grundverst\u00e4ndnis. Sie besuchte Fortbildungen zu den Gebieten Wirbels\u00e4ulenbasisausgleich, Bachbl\u00fctenberatung, Kinesiologie, chinesische 5-Elementenlehre, Ern\u00e4hrung nach den 5 Elementen, Fu\u00dfreflexzonen, Schmetterlings-Baby-Massage nach Eva Reich und Thomas Harms sowie zur Craniosacralen K\u00f6rperarbeit nach Gudrun Nowak, einer langj\u00e4hrigen Assistentin von Hugh Milne.<\/p>\n<p>Zur eigenen Gesundheitspflege praktiziert Antje Loos gerne Taiji, speziell die 24er \u00dcbung im Yang-Stil \/ Peking-Form nach Zhang Xiao Ping und als Qi-Gong-Formen:\u00a0 das Duft-Qigong zum Entgiften sowie das Qi-Gong mit den 6 harmonisierenden Lauten zur 5-Elementen- und Organbalance. Einige dieser \u00dcbungen sind dabei auch f\u00fcr Patienten sehr gut geeignet um ihren Gesundheitszustand weiter zu stabilisieren und zu verbessern.<\/p>\n<figure id=\"attachment_602\" aria-describedby=\"caption-attachment-602\" style=\"width: 300px\" class=\"wp-caption aligncenter\"><img loading=\"lazy\" decoding=\"async\" class=\"size-medium wp-image-602\" src=\"http:\/\/www.antje-loos-heilpraktikerin.de\/wordpress\/wp-content\/uploads\/2016\/06\/20170517Taiji_ins_Meer_135648-300x225.jpg\" alt=\"\" width=\"300\" height=\"225\" srcset=\"https:\/\/www.antje-loos-heilpraktikerin.de\/wordpress\/wp-content\/uploads\/2016\/06\/20170517Taiji_ins_Meer_135648-300x225.jpg 300w, https:\/\/www.antje-loos-heilpraktikerin.de\/wordpress\/wp-content\/uploads\/2016\/06\/20170517Taiji_ins_Meer_135648-768x576.jpg 768w, https:\/\/www.antje-loos-heilpraktikerin.de\/wordpress\/wp-content\/uploads\/2016\/06\/20170517Taiji_ins_Meer_135648-1024x768.jpg 1024w, https:\/\/www.antje-loos-heilpraktikerin.de\/wordpress\/wp-content\/uploads\/2016\/06\/20170517Taiji_ins_Meer_135648.jpg 1280w\" sizes=\"auto, (max-width: 300px) 100vw, 300px\" \/><figcaption id=\"caption-attachment-602\" class=\"wp-caption-text\">Heilpraktikerin Antje Loos beim Taiji<\/figcaption><\/figure>\n<p>Um einen ersten dynamischen Eindruck vom Taiji zu gewinnen, k\u00f6nnen Sie einfach auf den folgenden Link klicken um zum Videoauschnitt zu gelangen:<\/p>\n<p><a href=\"http:\/\/www.antje-loos-heilpraktikerin.de\/wordpress\/wp-content\/uploads\/2020\/06\/Taiji_mit-Heilpraktikerin_Antje_Loos_Schattenboxen-1.mp4\" target=\"_blank\" rel=\"noopener noreferrer\">Taiji_mit Heilpraktikerin_Antje_Loos_Schattenboxen<\/a><\/p>\n<figure id=\"attachment_1078\" aria-describedby=\"caption-attachment-1078\" style=\"width: 660px\" class=\"wp-caption aligncenter\"><img loading=\"lazy\" decoding=\"async\" class=\"size-large wp-image-1078\" src=\"http:\/\/www.antje-loos-heilpraktikerin.de\/wordpress\/wp-content\/uploads\/2020\/06\/Bioresonanztherapie-Test-rotated-e1591722715717-672x1024.jpg\" alt=\"\" width=\"660\" height=\"1006\" srcset=\"https:\/\/www.antje-loos-heilpraktikerin.de\/wordpress\/wp-content\/uploads\/2020\/06\/Bioresonanztherapie-Test-rotated-e1591722715717-672x1024.jpg 672w, https:\/\/www.antje-loos-heilpraktikerin.de\/wordpress\/wp-content\/uploads\/2020\/06\/Bioresonanztherapie-Test-rotated-e1591722715717-197x300.jpg 197w, https:\/\/www.antje-loos-heilpraktikerin.de\/wordpress\/wp-content\/uploads\/2020\/06\/Bioresonanztherapie-Test-rotated-e1591722715717-768x1171.jpg 768w, https:\/\/www.antje-loos-heilpraktikerin.de\/wordpress\/wp-content\/uploads\/2020\/06\/Bioresonanztherapie-Test-rotated-e1591722715717-1007x1536.jpg 1007w, https:\/\/www.antje-loos-heilpraktikerin.de\/wordpress\/wp-content\/uploads\/2020\/06\/Bioresonanztherapie-Test-rotated-e1591722715717.jpg 1305w\" sizes=\"auto, (max-width: 660px) 100vw, 660px\" \/><figcaption id=\"caption-attachment-1078\" class=\"wp-caption-text\">Bioresonanztherapie-Test<\/figcaption><\/figure>\n<p>Als weiteres Standbein der Praxis kam im Laufe der Jahre die Bioresonanztherapie dazu, basierend auf den jeweiligen Testergebnissen der bioelektrischen Funktionsdiagnostik bzw. Elektroakupunktur nach Voll.<\/p>\n<figure id=\"attachment_222\" aria-describedby=\"caption-attachment-222\" style=\"width: 300px\" class=\"wp-caption alignright\"><img loading=\"lazy\" decoding=\"async\" class=\"wp-image-222 size-medium\" src=\"http:\/\/www.antje-loos-heilpraktikerin.de\/wordpress\/wp-content\/uploads\/2016\/05\/20160627_155432-300x169.jpg\" alt=\"Der Kehlkopf und Halsbereich wird von Meridianen energetisch versorgt\" width=\"300\" height=\"169\" srcset=\"https:\/\/www.antje-loos-heilpraktikerin.de\/wordpress\/wp-content\/uploads\/2016\/05\/20160627_155432-300x169.jpg 300w, https:\/\/www.antje-loos-heilpraktikerin.de\/wordpress\/wp-content\/uploads\/2016\/05\/20160627_155432-768x432.jpg 768w, https:\/\/www.antje-loos-heilpraktikerin.de\/wordpress\/wp-content\/uploads\/2016\/05\/20160627_155432-1024x576.jpg 1024w\" sizes=\"auto, (max-width: 300px) 100vw, 300px\" \/><figcaption id=\"caption-attachment-222\" class=\"wp-caption-text\">Der Kehlkopf und Halsbereich wird im Sinne der Akupunkt-Massage nach Penzel von Meridianen und den darauf befindlichen Akupunkturpunkten energetisch versorgt<\/figcaption><\/figure>\n<p>Zudem begann Antje Loos als Quelle der Freude in ihrer Freizeit in musikalisch hochdiffernzierten Ch\u00f6ren zu singen.<\/p>\n<p>Das war eine gute Motivation auszuprobieren, wie sich flankierende, energetisch versorgende und optimierende Ganzk\u00f6rperarbeit auf die Stimmentwicklung als Chors\u00e4ngerin unterst\u00fctzend auswirken kann, zus\u00e4tzlich zu den hervorragenden Leistungen ihrer sp\u00e4teren privaten Stimm- und Gesangslehrer.<\/p>\n<figure id=\"attachment_968\" aria-describedby=\"caption-attachment-968\" style=\"width: 617px\" class=\"wp-caption alignleft\"><img loading=\"lazy\" decoding=\"async\" class=\"size-large wp-image-968\" src=\"http:\/\/www.antje-loos-heilpraktikerin.de\/wordpress\/wp-content\/uploads\/2019\/06\/20190601_GasteigAntjeGeschnitten1-e1561556208663-617x1024.jpg\" alt=\"\" width=\"617\" height=\"1024\" srcset=\"https:\/\/www.antje-loos-heilpraktikerin.de\/wordpress\/wp-content\/uploads\/2019\/06\/20190601_GasteigAntjeGeschnitten1-e1561556208663.jpg 617w, https:\/\/www.antje-loos-heilpraktikerin.de\/wordpress\/wp-content\/uploads\/2019\/06\/20190601_GasteigAntjeGeschnitten1-e1561556208663-181x300.jpg 181w\" sizes=\"auto, (max-width: 617px) 100vw, 617px\" \/><figcaption id=\"caption-attachment-968\" class=\"wp-caption-text\">Die singende Heilpraktikerin Antje Loos<\/figcaption><\/figure>\n<p>Diese Art der ganzheitlichen, systemischen Stimmversorgung \u00fcber den Energiekreislauf im Sinne der Akupunkt-Massage nach Penzel, gegebenenfalls erg\u00e4nzt durch weitere energetische Ma\u00dfnahmen, geh\u00f6rt nun zum innovativen, spezifischen Anwendungsrepertoire.<\/p>\n<figure id=\"attachment_881\" aria-describedby=\"caption-attachment-881\" style=\"width: 454px\" class=\"wp-caption alignleft\"><img loading=\"lazy\" decoding=\"async\" class=\"size-full wp-image-881\" src=\"http:\/\/www.antje-loos-heilpraktikerin.de\/wordpress\/wp-content\/uploads\/2018\/10\/ANTJELOOSBratsche-e1540227267338.jpg\" alt=\"\" width=\"454\" height=\"1062\" srcset=\"https:\/\/www.antje-loos-heilpraktikerin.de\/wordpress\/wp-content\/uploads\/2018\/10\/ANTJELOOSBratsche-e1540227267338.jpg 454w, https:\/\/www.antje-loos-heilpraktikerin.de\/wordpress\/wp-content\/uploads\/2018\/10\/ANTJELOOSBratsche-e1540227267338-128x300.jpg 128w, https:\/\/www.antje-loos-heilpraktikerin.de\/wordpress\/wp-content\/uploads\/2018\/10\/ANTJELOOSBratsche-e1540227267338-438x1024.jpg 438w\" sizes=\"auto, (max-width: 454px) 100vw, 454px\" \/><figcaption id=\"caption-attachment-881\" class=\"wp-caption-text\">Antje Loos musiziert sehr gerne in ihrer Freizeit.<\/figcaption><\/figure>\n<p>Um Schmerzen durch \u00dcberbelastungen oder Verspannungen bei unsymmetrischen, einseitigen K\u00f6rperhaltungen, die nicht nur\u00a0 beim Spielen einiger Instrumente praktiziert werden, vorzubeugen bzw. nachzusorgen, rief Heilpraktikerin Antje Loos in ihrer Praxis eigens eine Musikersprechstunde ins Leben.<\/p>\n","protected":false},"excerpt":{"rendered":"<p>Antje Loos wurde 1963 in Dortmund unter dem M\u00e4dchennamen Dembeck geboren und wuchs nach kurzer Zwischenstation bei K\u00f6ln im wesentlichen in der N\u00e4he von Stuttgart auf. Pr\u00e4gend f\u00fcr ihre einf\u00fchlsame Art war sicherlich der 2-j\u00e4hrige Auslands-Aufenthalt im Staat New York der U.S.A. in ihrem 11. und 12. Lebensjahr ihres jungen Daseins. Nach dem Abitur am [&hellip;]<\/p>\n","protected":false},"author":1,"featured_media":0,"parent":0,"menu_order":0,"comment_status":"closed","ping_status":"closed","template":"","meta":{"footnotes":""},"class_list":["post-32","page","type-page","status-publish","hentry"],"_links":{"self":[{"href":"https:\/\/www.antje-loos-heilpraktikerin.de\/wordpress\/wp-json\/wp\/v2\/pages\/32","targetHints":{"allow":["GET"]}}],"collection":[{"href":"https:\/\/www.antje-loos-heilpraktikerin.de\/wordpress\/wp-json\/wp\/v2\/pages"}],"about":[{"href":"https:\/\/www.antje-loos-heilpraktikerin.de\/wordpress\/wp-json\/wp\/v2\/types\/page"}],"author":[{"embeddable":true,"href":"https:\/\/www.antje-loos-heilpraktikerin.de\/wordpress\/wp-json\/wp\/v2\/users\/1"}],"replies":[{"embeddable":true,"href":"https:\/\/www.antje-loos-heilpraktikerin.de\/wordpress\/wp-json\/wp\/v2\/comments?post=32"}],"version-history":[{"count":79,"href":"https:\/\/www.antje-loos-heilpraktikerin.de\/wordpress\/wp-json\/wp\/v2\/pages\/32\/revisions"}],"predecessor-version":[{"id":1290,"href":"https:\/\/www.antje-loos-heilpraktikerin.de\/wordpress\/wp-json\/wp\/v2\/pages\/32\/revisions\/1290"}],"wp:attachment":[{"href":"https:\/\/www.antje-loos-heilpraktikerin.de\/wordpress\/wp-json\/wp\/v2\/media?parent=32"}],"curies":[{"name":"wp","href":"https:\/\/api.w.org\/{rel}","templated":true}]}}