{"id":36,"date":"2016-05-28T21:14:36","date_gmt":"2016-05-28T21:14:36","guid":{"rendered":"http:\/\/192.168.1.27\/wordpress\/?page_id=36"},"modified":"2026-04-17T17:36:03","modified_gmt":"2026-04-17T15:36:03","slug":"home","status":"publish","type":"page","link":"https:\/\/www.antje-loos-heilpraktikerin.de\/wordpress\/","title":{"rendered":"Heilpraxis f\u00fcr alternative Schmerztherapie sowie Funktions- und Beweglichkeitsoptimierung"},"content":{"rendered":"\n<p><\/p>\n\n\n\n<figure class=\"wp-block-image aligncenter\"><img loading=\"lazy\" decoding=\"async\" width=\"212\" height=\"300\" src=\"https:\/\/www.antje-loos-heilpraktikerin.de\/wordpress\/wp-content\/uploads\/2023\/03\/LogoNeuAntjeLoosHeilpraktikerin2023-212x300.jpg\" alt=\"\" class=\"wp-image-1185\" srcset=\"https:\/\/www.antje-loos-heilpraktikerin.de\/wordpress\/wp-content\/uploads\/2023\/03\/LogoNeuAntjeLoosHeilpraktikerin2023-212x300.jpg 212w, https:\/\/www.antje-loos-heilpraktikerin.de\/wordpress\/wp-content\/uploads\/2023\/03\/LogoNeuAntjeLoosHeilpraktikerin2023-724x1024.jpg 724w, https:\/\/www.antje-loos-heilpraktikerin.de\/wordpress\/wp-content\/uploads\/2023\/03\/LogoNeuAntjeLoosHeilpraktikerin2023-768x1086.jpg 768w, https:\/\/www.antje-loos-heilpraktikerin.de\/wordpress\/wp-content\/uploads\/2023\/03\/LogoNeuAntjeLoosHeilpraktikerin2023.jpg 794w\" sizes=\"auto, (max-width: 212px) 100vw, 212px\" \/><\/figure>\n\n\n\n<p><\/p>\n\n\n\n<ul class=\"wp-block-list\">\n<li><strong>Alternative Schmerztherapie<\/strong><\/li>\n\n\n\n<li><strong>Akupunkt-Massage nach Penzel am ganzen K\u00f6rper, entlang der Wirbels\u00e4ule, \u00fcber Gelenken und an Narben<\/strong><\/li>\n\n\n\n<li><strong>Energetisch-physiologische Wirbels\u00e4ulen- und Gelenkbehandlung<\/strong><\/li>\n\n\n\n<li><strong>Osteopathisch ansetzende Craniosacrale K\u00f6rperarbeit<\/strong><\/li>\n\n\n\n<li><strong>Sanfte Narbenst\u00f6rfeldbehandlung<\/strong><\/li>\n\n\n\n<li><strong>Auf Resonanz basierende, harmonisierende Stimmgabel-Klangtherapie am K\u00f6rper und im menschlichen Biofeld<\/strong><\/li>\n\n\n\n<li><strong>Bioelektrische Funktionsdiagnostik bzw. &#8222;EAV&#8220; Elektro-Akupunktur nach Voll<\/strong><\/li>\n\n\n\n<li><strong>Individuell abgestimmte Bioresonanztherapie<\/strong><\/li>\n\n\n\n<li><strong>Hom\u00f6opathie<\/strong><\/li>\n\n\n\n<li><strong>K\u00f6perfunktions- und Beweglichkeitsoptimierung<\/strong><\/li>\n\n\n\n<li><strong>Speziell: nat\u00fcrliche Sportlerbehandlung<\/strong><\/li>\n\n\n\n<li><strong>Auf Wunsch: Musikersprechstunde<\/strong><\/li>\n<\/ul>\n\n\n\n<p>&nbsp;<\/p>\n\n\n\n<figure class=\"wp-block-image aligncenter\"><img loading=\"lazy\" decoding=\"async\" width=\"576\" height=\"1024\" src=\"https:\/\/www.antje-loos-heilpraktikerin.de\/wordpress\/wp-content\/uploads\/2016\/06\/Meridianpuppe_ventral_Herbst-e1740141603834-576x1024.jpg\" alt=\"\" class=\"wp-image-736\" srcset=\"https:\/\/www.antje-loos-heilpraktikerin.de\/wordpress\/wp-content\/uploads\/2016\/06\/Meridianpuppe_ventral_Herbst-e1740141603834-576x1024.jpg 576w, https:\/\/www.antje-loos-heilpraktikerin.de\/wordpress\/wp-content\/uploads\/2016\/06\/Meridianpuppe_ventral_Herbst-e1740141603834-169x300.jpg 169w, https:\/\/www.antje-loos-heilpraktikerin.de\/wordpress\/wp-content\/uploads\/2016\/06\/Meridianpuppe_ventral_Herbst-e1740141603834-768x1365.jpg 768w, https:\/\/www.antje-loos-heilpraktikerin.de\/wordpress\/wp-content\/uploads\/2016\/06\/Meridianpuppe_ventral_Herbst-e1740141603834-864x1536.jpg 864w, https:\/\/www.antje-loos-heilpraktikerin.de\/wordpress\/wp-content\/uploads\/2016\/06\/Meridianpuppe_ventral_Herbst-e1740141603834-1152x2048.jpg 1152w, https:\/\/www.antje-loos-heilpraktikerin.de\/wordpress\/wp-content\/uploads\/2016\/06\/Meridianpuppe_ventral_Herbst-e1740141603834.jpg 1440w\" sizes=\"auto, (max-width: 576px) 100vw, 576px\" \/><\/figure>\n\n\n\n<p><\/p>\n\n\n\n<p>Die Meridian-Lady der Praxis in YIN-Ansicht zeigt die sogenannten Meridiane, die bei einer Akupunkt-Massage nach Penzel mit einem Massagest\u00e4bchen behandelt werden. Es gibt 6 Yin und 6 Yang-Meridiane auf jeder K\u00f6rperseite zudem noch die beiden zentralen, versorgenden Gef\u00e4\u00dfe im Yin (K\u00f6rpervorderseite)<\/p>\n\n\n\n<p>&nbsp;<\/p>\n\n\n\n<p class=\"has-text-align-left\"><span style=\"color: #ff0000;\"><strong>AKTUELLES:<\/strong><\/span> <\/p>\n\n\n\n<p>\u25cf <strong>Start neuer Taiji-Kurs: die ersten 12 (von 24) \u00dcbungen an der Vhs Au in der Hallertau:\u00a0 Donnerstag, 18.30 bis 20.00 Uhr ab 11. Juni 2026, 6 Abende. Anmeldung bitte jetzt direkt bei der Vhs <\/strong>Moosburg \/ Au\u00dfenstelle Au in der Hallertau, www. vhs-moosburg.de.<br><\/p>\n\n\n\n<p>\u25cf <strong>Start neuer Taiji-Kurs  24 \u00dcbungen Yang-Stil, Peking Form an der Vhs Moosburg \/ Au\u00dfenstelle Au in der Hallertau:&nbsp; Donnerstag, abends 18.30 bis 20.00 Uhr ab, 09. Oktober 2025, 12 Abende. Anmeldung bitte jetzt direkt bei der Vhs Moosburg \/ Au\u00dfenstelle Au.<\/strong><br><\/p>\n\n\n\n<p id=\"block-97812404-d674-4102-80a8-1096ee5bec70\">\u25cf <strong>Start neuer Taiji-Kurs 24 \u00dcbungen Yang-Stil, Peking Form an der Vhs Moosburg \/ Au\u00dfenstelle Zolling:&nbsp; ab Sonnag, abends 17.30 bis 19.00 Uhr ab, 12. Oktober 2025, 12 Abende. Anmeldung bitte jetzt direkt bei der Vhs Moosburg \/ Au\u00dfenstelle Zolling.<\/strong><br><\/p>\n\n\n\n<p><strong><strong>\u25cf Weiterer Kurs:&#8220;Befreiendes, gesundes T\u00f6nen und Improvisieren&#8220;: ab Mittwoch abends, 08. Oktober 2025, 18.30 bis 20.00 Uhr, 12 Abende. Anmeldungen bitte jetzt direkt bei der Vhs Moosburg \/ Au\u00dfenstelle Zolling.<\/strong><\/strong><\/p>\n\n\n\n<p><strong><strong>\u25cf und weiterer Kurs:&#8220;Befreiendes, gesundes T\u00f6nen und Improvisieren&#8220;: ab Samstag, 18. Oktober 2025, 15 bis 18 Uhr, 4 Nachmittage. Anmeldungen bitte jetzt direkt bei der Vhs Moosburg \/ Au\u00dfenstelle Au.&nbsp;&nbsp;<\/strong><\/strong><\/p>\n\n\n\n<p><strong><strong>\u25cf und  weiterer Kurs:<strong><strong>&#8222;Befreiendes, gesundes T\u00f6nen und Improvisieren&#8220;<\/strong><\/strong>:  ab Samstag, 10. Januar 2026, 15 bis 18 Uhr, 4 Nachmittage.  Anmeldungen bitte jetzt direkt bei der Vhs Moosburg.<\/strong><\/strong><span style=\"color: #ff0000;\">&nbsp;&nbsp;<\/span><\/p>\n\n\n\n<p><\/p>\n\n\n\n<p class=\"has-accent-1-background-color has-background\" style=\"border-style:none;border-width:0px\">Offene, kostenneutrale telefonische Informationsdoppelstunde zum Thema &#8222;Alternative Schmerztherapieserie per Akupunkt-Massage nach Penzel&#8220; am Dienstag, 04.11.2025 von 17.00 bis 1800 Uhr, Tel.: 08161 5194041.<\/p>\n\n\n\n<p class=\"has-text-align-left\"><span style=\"color: #ff0000;\"><strong>&nbsp; &nbsp; &nbsp;<\/strong><\/span><\/p>\n\n\n\n<figure class=\"wp-block-image aligncenter size-medium wp-image-1304\"><img loading=\"lazy\" decoding=\"async\" width=\"185\" height=\"300\" src=\"https:\/\/www.antje-loos-heilpraktikerin.de\/wordpress\/wp-content\/uploads\/2024\/12\/20241129_113044-185x300.jpg\" alt=\"\" class=\"wp-image-1304\" srcset=\"https:\/\/www.antje-loos-heilpraktikerin.de\/wordpress\/wp-content\/uploads\/2024\/12\/20241129_113044-185x300.jpg 185w, https:\/\/www.antje-loos-heilpraktikerin.de\/wordpress\/wp-content\/uploads\/2024\/12\/20241129_113044-631x1024.jpg 631w, https:\/\/www.antje-loos-heilpraktikerin.de\/wordpress\/wp-content\/uploads\/2024\/12\/20241129_113044-768x1246.jpg 768w, https:\/\/www.antje-loos-heilpraktikerin.de\/wordpress\/wp-content\/uploads\/2024\/12\/20241129_113044-947x1536.jpg 947w, https:\/\/www.antje-loos-heilpraktikerin.de\/wordpress\/wp-content\/uploads\/2024\/12\/20241129_113044.jpg 1026w\" sizes=\"auto, (max-width: 185px) 100vw, 185px\" \/><figcaption class=\"wp-element-caption\">Antje Loos, Heilpraktikerin, hei\u00dft Sie als Patient\/-in der Praxis herzlich willkommen!<\/figcaption><\/figure>\n\n\n\n<p>&nbsp;<\/p>\n\n\n\n<p><strong><span style=\"color: #ff0000;\"><span style=\"color: #000000;\"><span style=\"color: #339966;\">Nat\u00fcrlich ist der Heilpraktiker nicht f\u00fcr ansteckende Infektionserkrankungen zust\u00e4ndig. Diese Erkrankungen geh\u00f6ren in den Versorgungsbereich von \u00c4rzten. Also d\u00fcrfen keine Patienten mit offensichtlichen Infektions- oder Erk\u00e4ltungssymptomen die Praxis besuchen. In einem solchen Fall wird Ihr Termin einfach nach Absprache um ca. 14 Tage verschoben. Vielen Dank f\u00fcr Ihr Verst\u00e4ndnis.<\/span><br>\n<\/span><\/span><\/strong><\/p>\n\n\n\n<p>&nbsp;<\/p>\n\n\n\n<figure class=\"wp-block-image aligncenter size-medium wp-image-1053\"><img loading=\"lazy\" decoding=\"async\" width=\"220\" height=\"300\" src=\"http:\/\/www.antje-loos-heilpraktikerin.de\/wordpress\/wp-content\/uploads\/2020\/05\/20190918_GelbeBlume-rotated-e1588592281673-220x300.jpg\" alt=\"\" class=\"wp-image-1053\" srcset=\"https:\/\/www.antje-loos-heilpraktikerin.de\/wordpress\/wp-content\/uploads\/2020\/05\/20190918_GelbeBlume-rotated-e1588592281673-220x300.jpg 220w, https:\/\/www.antje-loos-heilpraktikerin.de\/wordpress\/wp-content\/uploads\/2020\/05\/20190918_GelbeBlume-rotated-e1588592281673-751x1024.jpg 751w, https:\/\/www.antje-loos-heilpraktikerin.de\/wordpress\/wp-content\/uploads\/2020\/05\/20190918_GelbeBlume-rotated-e1588592281673-768x1047.jpg 768w, https:\/\/www.antje-loos-heilpraktikerin.de\/wordpress\/wp-content\/uploads\/2020\/05\/20190918_GelbeBlume-rotated-e1588592281673-1126x1536.jpg 1126w, https:\/\/www.antje-loos-heilpraktikerin.de\/wordpress\/wp-content\/uploads\/2020\/05\/20190918_GelbeBlume-rotated-e1588592281673.jpg 1440w\" sizes=\"auto, (max-width: 220px) 100vw, 220px\" \/><figcaption class=\"wp-element-caption\"><strong>Herzlich willkommen in dier Heilpraxis Loos<\/strong>!<\/figcaption><\/figure>\n\n\n\n<p>Im nachstehenden Link finden Sie ein kurzes Willkommensvideo.<\/p>\n\n\n\n<p><a href=\"http:\/\/www.antje-loos-heilpraktikerin.de\/wordpress\/wp-content\/uploads\/2020\/05\/PraxisvorstellungBehandlung20200422_195159-1.mp4\">PraxisvorstellungBehandlung20200422_195159<\/a><\/p>\n\n\n\n<hr class=\"wp-block-separator has-alpha-channel-opacity\"\/>\n\n\n\n<p>Bereits 1996 er\u00f6ffnete <strong>Antje Loos als Heilpraktikerin<\/strong> ihre erste Praxis in Jena. Schon damals stellte <strong>die Akupunkt-Massage nach Penzel<\/strong> in der <strong>Schmerz- und Funktions- und Beweglichkeitsregulation<\/strong> einen der zentralen Behandlungsschwerpunkte dar. Die Praxis bestand als pers\u00f6nlicher Herzensausdruck in Th\u00fcringen bis zu einem Umzug aus famili\u00e4ren Gr\u00fcnden nach Bayern. Nun ist nach intensiver Fortbildung und Neudefinition am Standort Freising 2016 eine noch modernere Praxis entstanden, in der sich die langj\u00e4hrige heilpraktische Erfahrung von fr\u00fcher mit zeitgen\u00f6ssischen Heilweisen verbindet. Als Spezialit\u00e4ten in der alternativen Schmerzbehandlung und Funktionsoptimierung haben sich <strong>die APM<\/strong>, die auch die<strong> energetisch-physiologische Wirbels\u00e4ulenbehandlung inklusive des Wirbels\u00e4ulenbasisausgleichs und die energetische Narbenst\u00f6rfeldsanierung beinhaltet, extrem bew\u00e4hrt. Als weitere f\u00fcr <\/strong>diese Praxis effiziente  Behandlungsverfahren werden<strong> gerne die Bioresonanztherapie <\/strong>(z.B. bei vermutlich durch Unvertr\u00e4glichkeit verurschachten Syptomen), die Kinesiologie, die Stimmgabel-Klangbehandlung und die Hom\u00f6opathie, besonders auch in der&nbsp; nat\u00fcrlichen Sportlersprechstunde und in der Musikerbehandlung eingesetzt.<\/p>\n\n\n\n<p><strong>Pers\u00f6nliche Begr\u00fc\u00dfung der Internetseitenbesucher durch die Heilpraktikerin:<\/strong><\/p>\n\n\n\n<figure class=\"wp-block-image aligncenter size-large\"><img loading=\"lazy\" decoding=\"async\" width=\"338\" height=\"1024\" src=\"https:\/\/www.antje-loos-heilpraktikerin.de\/wordpress\/wp-content\/uploads\/2025\/05\/20250406_134631-338x1024.jpg\" alt=\"\" class=\"wp-image-1429\" srcset=\"https:\/\/www.antje-loos-heilpraktikerin.de\/wordpress\/wp-content\/uploads\/2025\/05\/20250406_134631-338x1024.jpg 338w, https:\/\/www.antje-loos-heilpraktikerin.de\/wordpress\/wp-content\/uploads\/2025\/05\/20250406_134631-99x300.jpg 99w, https:\/\/www.antje-loos-heilpraktikerin.de\/wordpress\/wp-content\/uploads\/2025\/05\/20250406_134631-768x2325.jpg 768w, https:\/\/www.antje-loos-heilpraktikerin.de\/wordpress\/wp-content\/uploads\/2025\/05\/20250406_134631-507x1536.jpg 507w, https:\/\/www.antje-loos-heilpraktikerin.de\/wordpress\/wp-content\/uploads\/2025\/05\/20250406_134631-676x2048.jpg 676w, https:\/\/www.antje-loos-heilpraktikerin.de\/wordpress\/wp-content\/uploads\/2025\/05\/20250406_134631-scaled.jpg 845w\" sizes=\"auto, (max-width: 338px) 100vw, 338px\" \/><\/figure>\n\n\n\n<p><span style=\"font-family: Arial,sans-serif;\"><span style=\"font-size: large;\">Hallo, mein Name ist Antje Loos und Hallo praktiziere als Heilpraktikerin. Bereits seit 1996 bin ich schon in dieser Berufung t\u00e4tig. Nach familienbedingtem Umzug habe ich mich mitsamt meiner fr\u00fcheren Berufserfahrung als ganzheitlich t\u00e4tige Therapeutin im Fr\u00fchjahr 2016 in Freising niedergelassen. Jetzt biete ich in eigener Praxis <strong>Schmerztherapie sowie die Beweglichkeits- und Funktionsoptimierung <\/strong>an.&nbsp;<\/span><\/span><\/p>\n\n\n\n<p><span style=\"font-family: Arial,sans-serif;\"><span style=\"font-size: large;\">Die <strong>Akupunkt-Massage nach Penzel<\/strong> als <strong>Meridianbehandlung<\/strong>, verbunden mit der energetisch-physiologischen Wirbels\u00e4ulen-, Gelenk- und Narbenbehandlung begleitet mich bereits seit meinem Gesundheitsberufsstart 1996. Dabei ist es mir immer wieder eine gro\u00dfe Freude, Menschen mit diesem nicht-invasivem Handwerkszeug oftmals in Richtung Schmerzlinderung, optimierte Haltung und verbesserte Funktionalit\u00e4t und Bewegung begleiten zu d\u00fcrfen. Auch die 5-Elementenlehre der traditionellen chinesischen Medizin, die Hom\u00f6opathie, Kinesiologie, die Isopathie, die VitOrgantherapie, die Stimmgabelklangbehandlung, Bioresonanztherapie bei Unvertr\u00e4glichkeiten und Bachbl\u00fctenberatung haben mir &#8211; nebst dem einen oder anderen Ern\u00e4hrungstipp oder einer erg\u00e4nzenden Behandlungsmethode &#8211; immer wieder bei so manch anstehender Aufgabe in meinem Berufsalltag elegant gedient. Das Taiji und einige Qigong-\u00dcbungen praktiziere ich f\u00fcr mich selber zur Pflege meines eigenen Energiehaushalts und teile diese Erfahrung gerne \u00fcber die VHS Moosburg. <\/span><\/span><\/p>\n\n\n\n<p><\/p>\n\n\n\n<p><span style=\"font-family: Arial,sans-serif;\"><span style=\"font-size: large;\"><strong>Muskulatur, Sehnen, Faszien, Gelenke und die Wirbels\u00e4ulenstatik profitieren oftmals von der verbesserten energetischen Versorgung des Gewebes und der Zellen.<\/strong> Durch den befreiten Energiefluss wird die Entwicklung und <strong>eine gr\u00f6\u00dfere Entfaltung seines pers\u00f6nlichen und k\u00f6rperlichen Potentials<\/strong> denkbar. Das ist nicht nur <strong>f\u00fcr Sportler<\/strong> interessant, denen die nat\u00fcrlich <strong>optimierte Leistungseffizienz<\/strong> sowie <strong>relativ kurze Regenerations- und Rekonvaleszenzzeiten<\/strong> enorm entgegenkommen k\u00f6nnen.<br><\/span><\/span><\/p>\n\n\n\n<p><span style=\"font-family: Arial,sans-serif;\"><span style=\"font-size: large;\">Den pers\u00f6nlichen Bezug zur <strong>Musikersprechstunde<\/strong> habe ich in meiner Freizeit durch das eigene Musiieren und eine private Gesangsausbildung bei Profis, Singen und Musizieren allm\u00e4hlich \u00fcber viele Jahre auf- und ausgebaut. So nutze ich die energetischen Regulationsweisen praktisch auch um <strong>\u00dcberlastungen,<\/strong>&nbsp; <strong>Verspannungen oder Schmerzen durch einseitige, unsymmetrische K\u00f6rperhaltungen<\/strong>, z.B. beim Spielen einiger Instrumente, zu behandeln und <strong>K\u00f6rperfunktionalit\u00e4ten nat\u00fcrlich zu verbessern<\/strong>. Sicherlich trifft dies auch<strong> weitere Berufsgruppen und Menschen mit spezifischen lokalen Dauer- oder Hochbelastungen.<\/strong>&nbsp;Herzlich willkommen zum Lesen dieser Internetseite und auch zur Information zu den verschiedenen Workshops und Themenvort\u00e4gen. Mehr Details im Einzelnen stehen auf den Folgeseiten bereit.<\/span><\/span><\/p>\n","protected":false},"excerpt":{"rendered":"<p>&nbsp; Die Meridian-Lady der Praxis in YIN-Ansicht zeigt die sogenannten Meridiane, die bei einer Akupunkt-Massage nach Penzel mit einem Massagest\u00e4bchen behandelt werden. Es gibt 6 Yin und 6 Yang-Meridiane auf jeder K\u00f6rperseite zudem noch die beiden zentralen, versorgenden Gef\u00e4\u00dfe im Yin (K\u00f6rpervorderseite) &nbsp; AKTUELLES: \u25cf Start neuer Taiji-Kurs: die ersten 12 (von 24) \u00dcbungen an [&hellip;]<\/p>\n","protected":false},"author":1,"featured_media":1361,"parent":0,"menu_order":0,"comment_status":"closed","ping_status":"closed","template":"","meta":{"footnotes":""},"class_list":["post-36","page","type-page","status-publish","has-post-thumbnail","hentry"],"_links":{"self":[{"href":"https:\/\/www.antje-loos-heilpraktikerin.de\/wordpress\/wp-json\/wp\/v2\/pages\/36","targetHints":{"allow":["GET"]}}],"collection":[{"href":"https:\/\/www.antje-loos-heilpraktikerin.de\/wordpress\/wp-json\/wp\/v2\/pages"}],"about":[{"href":"https:\/\/www.antje-loos-heilpraktikerin.de\/wordpress\/wp-json\/wp\/v2\/types\/page"}],"author":[{"embeddable":true,"href":"https:\/\/www.antje-loos-heilpraktikerin.de\/wordpress\/wp-json\/wp\/v2\/users\/1"}],"replies":[{"embeddable":true,"href":"https:\/\/www.antje-loos-heilpraktikerin.de\/wordpress\/wp-json\/wp\/v2\/comments?post=36"}],"version-history":[{"count":191,"href":"https:\/\/www.antje-loos-heilpraktikerin.de\/wordpress\/wp-json\/wp\/v2\/pages\/36\/revisions"}],"predecessor-version":[{"id":1501,"href":"https:\/\/www.antje-loos-heilpraktikerin.de\/wordpress\/wp-json\/wp\/v2\/pages\/36\/revisions\/1501"}],"wp:featuredmedia":[{"embeddable":true,"href":"https:\/\/www.antje-loos-heilpraktikerin.de\/wordpress\/wp-json\/wp\/v2\/media\/1361"}],"wp:attachment":[{"href":"https:\/\/www.antje-loos-heilpraktikerin.de\/wordpress\/wp-json\/wp\/v2\/media?parent=36"}],"curies":[{"name":"wp","href":"https:\/\/api.w.org\/{rel}","templated":true}]}}