{"id":51,"date":"2016-06-12T19:12:11","date_gmt":"2016-06-12T19:12:11","guid":{"rendered":"http:\/\/192.168.1.27\/wordpress\/?page_id=51"},"modified":"2025-04-22T16:06:45","modified_gmt":"2025-04-22T14:06:45","slug":"anfahrt","status":"publish","type":"page","link":"https:\/\/www.antje-loos-heilpraktikerin.de\/wordpress\/anfahrt\/","title":{"rendered":"Anfahrt zur Praxis in Freising, S-Bahn-Einzugsbereich M\u00fcnchen"},"content":{"rendered":"\n<figure class=\"wp-block-image aligncenter wp-image-181 size-medium\"><img loading=\"lazy\" decoding=\"async\" width=\"300\" height=\"144\" src=\"http:\/\/www.antje-loos-heilpraktikerin.de\/wordpress\/wp-content\/uploads\/2016\/06\/20160610_170532-e1467148671189-300x144.jpg\" alt=\"Praxis in der Arndtstra\u00dfe 33 in Freising-Neustift, direkt an der Kreuzung zur Angermaiersta\u00dfe\" class=\"wp-image-181\" srcset=\"https:\/\/www.antje-loos-heilpraktikerin.de\/wordpress\/wp-content\/uploads\/2016\/06\/20160610_170532-e1467148671189-300x144.jpg 300w, https:\/\/www.antje-loos-heilpraktikerin.de\/wordpress\/wp-content\/uploads\/2016\/06\/20160610_170532-e1467148671189-768x369.jpg 768w, https:\/\/www.antje-loos-heilpraktikerin.de\/wordpress\/wp-content\/uploads\/2016\/06\/20160610_170532-e1467148671189-1024x492.jpg 1024w\" sizes=\"auto, (max-width: 300px) 100vw, 300px\" \/><figcaption class=\"wp-element-caption\">Die &#8222;Praxis f\u00fcr Alternative Schmerztherapie, Funktions- und Beweglichkeitsoptimierung sowie Sportler- und Musikerbehandlung&#8220; der Heilpraktikerin Antje Loos befindet sich in der Arndtstra\u00dfe 33 in D-85356 Freising-Neustift, direkt an der Ecke zur Angermaiersta\u00dfe<\/figcaption><\/figure>\n\n\n\n<p>&nbsp;<\/p>\n\n\n\n<p><span style=\"color: #00ff00;\">Die Heilpraxis Loos in Freising befindet sich in gut erreichbaren Umkreis von M\u00fcnchen.<\/span> Die Anreise kann bequem mit den \u00f6ffentlichen Verkehrsmitteln des M\u00fcnchner Verkehrs-Verbunds &#8222;<span style=\"color: #0bd949;\"><strong>MVV<\/strong><\/span>&#8220; erfolgen:<\/p>\n\n\n\n<p>S-Bahn <span style=\"color: #0bd949;\"><strong>S1 bis Bahnhof Freising<\/strong><\/span>, dann den <strong><span style=\"color: #00ff00;\"><span style=\"color: #0bd949;\">Bus 621 (oder 620) bis zur<\/span> <span style=\"color: #0bd949;\">Haltestelle &#8222;Angermaierstra\u00dfe&#8220;<\/span><\/span> <\/strong>nehmen. Von da an sind es nur noch ca. <span style=\"color: #0bd949;\"><strong>260 Meter Fu\u00dfweg entlang der Angermaierstra\u00dfe<\/strong><\/span> bergan <span style=\"color: #0bd949;\"><strong>bis zum 2. Abzweig links. <\/strong><\/span>Direk<span style=\"color: #000000;\">t d<\/span><span style=\"color: #00ff00;\"><span style=\"color: #000000;\">ort<\/span> <span style=\"color: #0bd949;\"><strong>an der Ecke befindet bereits die Hausnummer 33 der Arndtstra\u00dfe <\/strong><\/span><\/span>mit der <span style=\"color: #0bd949;\"><strong>PRAXIS F\u00dcR ALTERNATIVE SCHMERZTHERAPE, FUNKTIONS- und BEWEGLICHKEITSOPTIMIERUNG mit optionaler SPORTLER- und MUSIKERSPRECHSTUNDE <\/strong><\/span> in Freising-Neustift.<\/p>\n\n\n\n<figure class=\"wp-block-image aligncenter size-medium wp-image-486\"><img loading=\"lazy\" decoding=\"async\" width=\"190\" height=\"300\" src=\"http:\/\/www.antje-loos-heilpraktikerin.de\/wordpress\/wp-content\/uploads\/2016\/06\/20160801_104755-e1548962900292-190x300.jpg\" alt=\"\" class=\"wp-image-486\" srcset=\"https:\/\/www.antje-loos-heilpraktikerin.de\/wordpress\/wp-content\/uploads\/2016\/06\/20160801_104755-e1548962900292-190x300.jpg 190w, https:\/\/www.antje-loos-heilpraktikerin.de\/wordpress\/wp-content\/uploads\/2016\/06\/20160801_104755-e1548962900292-768x1215.jpg 768w, https:\/\/www.antje-loos-heilpraktikerin.de\/wordpress\/wp-content\/uploads\/2016\/06\/20160801_104755-e1548962900292-647x1024.jpg 647w, https:\/\/www.antje-loos-heilpraktikerin.de\/wordpress\/wp-content\/uploads\/2016\/06\/20160801_104755-e1548962900292.jpg 1234w\" sizes=\"auto, (max-width: 190px) 100vw, 190px\" \/><figcaption class=\"wp-element-caption\">Die Heilpraxis als Herzensausdruck von Antje Loos in der Arndtstra\u00dfe 33. Es sind nur ca. 260 m Fu\u00dfweg bis zur n\u00e4chsten MVV-Bushaltestelle \u201eAngermaierstra\u00dfe\u201c. Die Buslinien 620 und 621 fahren beide zum S-Bahnhof Freising. Von dort aus gibt es eine regelm\u00e4\u00dfige weitere S-Bahn S1- und Zug-Anbindung nach M\u00fcnchen oder auch die Bus 635-Anbindung zum Flughafen.<\/figcaption><\/figure>\n\n\n\n<p>&nbsp;<\/p>\n\n\n\n<p><span style=\"color: #ff0000;\"><strong>Mit dem Auto<\/strong><\/span> folgen Sie in Freising dem Verlauf der Bundesstra\u00dfe B 301 nach Norden, also die <strong><span style=\"color: #ff0000;\">&#8222;Mainburger Stra\u00dfe&#8220;<\/span><\/strong> bergauf in Richtung Mainburg. Auf etwa 3\/4 der H\u00f6he biegen Sie rechts ein nach <span style=\"color: #ff0000;\">Freising-<strong>Neustift<\/strong><\/span>\u00a0in die <strong><span style=\"color: #ff0000;\">&#8222;General-von-Stein-Stra\u00dfe&#8220;<\/span><\/strong>. Der vierte Abzweig nach links ist bereits die <strong><span style=\"color: #ff0000;\">&#8222;Angermaierstra\u00dfe&#8220;<\/span><\/strong>. Entlang dieser, direkt an der <strong><span style=\"color: #ff0000;\">Ecke zur dritten Querstra\u00dfe nach rechts<span style=\"color: #000000;\">,<\/span><\/span> <\/strong>befindet sich die <span style=\"color: #ff0000;\"><strong>PRAXIS F\u00dcR ALTERNATIVE SCHMERZTHERAPIE, FUNKTIONS- und BEWEGLICHKEITSOPTIMIERUNG sowie optionale SPORTLER und-MUSIKER-BEHANDLUNG <\/strong> <span style=\"color: #000000;\">in der<\/span> <strong>&#8222;Arndtstra\u00dfe 33&#8220;<\/strong><\/span>, 85356 Freising-Neustift.<\/p>\n\n\n\n<p>&nbsp;<\/p>\n\n\n\n<figure class=\"wp-block-image aligncenter\"><img loading=\"lazy\" decoding=\"async\" width=\"2560\" height=\"1440\" src=\"http:\/\/www.antje-loos-heilpraktikerin.de\/wordpress\/wp-content\/uploads\/2018\/10\/ErdbeereLichtesOeffnen.jpg\" alt=\"\" class=\"wp-image-905\" srcset=\"https:\/\/www.antje-loos-heilpraktikerin.de\/wordpress\/wp-content\/uploads\/2018\/10\/ErdbeereLichtesOeffnen.jpg 2560w, https:\/\/www.antje-loos-heilpraktikerin.de\/wordpress\/wp-content\/uploads\/2018\/10\/ErdbeereLichtesOeffnen-300x169.jpg 300w, https:\/\/www.antje-loos-heilpraktikerin.de\/wordpress\/wp-content\/uploads\/2018\/10\/ErdbeereLichtesOeffnen-768x432.jpg 768w, https:\/\/www.antje-loos-heilpraktikerin.de\/wordpress\/wp-content\/uploads\/2018\/10\/ErdbeereLichtesOeffnen-1024x576.jpg 1024w\" sizes=\"auto, (max-width: 2560px) 100vw, 2560px\" \/><\/figure>\n\n\n\n<p><\/p>\n\n\n\n<p>&nbsp;<\/p>\n\n\n\n<p>&nbsp;<\/p>\n\n\n\n<p>Adresse f\u00fcr das Navigationsger\u00e4t: <strong>85356 Freising, Arndtstra\u00dfe 33<\/strong><\/p>\n\n\n\n<p>&nbsp;<\/p>\n\n\n\n<p>&nbsp;<\/p>\n\n\n\n<figure class=\"wp-block-image aligncenter\"><img loading=\"lazy\" decoding=\"async\" width=\"300\" height=\"205\" src=\"http:\/\/www.antje-loos-heilpraktikerin.de\/wordpress\/wp-content\/uploads\/2016\/06\/KaktusblueteGanz20180209_120814-e1519381168991-300x205.jpg\" alt=\"\" class=\"wp-image-810\" srcset=\"https:\/\/www.antje-loos-heilpraktikerin.de\/wordpress\/wp-content\/uploads\/2016\/06\/KaktusblueteGanz20180209_120814-e1519381168991-300x205.jpg 300w, https:\/\/www.antje-loos-heilpraktikerin.de\/wordpress\/wp-content\/uploads\/2016\/06\/KaktusblueteGanz20180209_120814-e1519381168991-768x525.jpg 768w, https:\/\/www.antje-loos-heilpraktikerin.de\/wordpress\/wp-content\/uploads\/2016\/06\/KaktusblueteGanz20180209_120814-e1519381168991-1024x701.jpg 1024w\" sizes=\"auto, (max-width: 300px) 100vw, 300px\" \/><\/figure>\n\n\n\n<p><\/p>\n\n\n\n<p>&nbsp;<\/p>\n\n\n\n<p>&nbsp;<\/p>\n\n\n\n<p>Praktischer Weise befindet sich die <span style=\"color: #0000ff;\">Praxis in der&nbsp;N\u00e4he des&nbsp;M\u00fcnchener Flughafens<\/span>. Etwa st\u00fcndlich f\u00e4hrt eine Bahn nach Freising.<\/p>\n\n\n\n<p>Am Flughafen k\u00f6nnen Sie wahlweise auch der&nbsp;<span style=\"color: #0000ff;\">Beschilderung zu den Bussen folgen<\/span>. Circa alle 20 Minuten f\u00e4hrt der <span style=\"color: #0000ff;\">Linienbus 635<\/span> vom Flughafen zum Bus- und S-Bahnhof Freising. Eine MVV-<span style=\"color: #0000ff;\">Fahrkarte<\/span> gibt es direkt beim Busfahrer oder bereits am MVV-Ticket-Automaten im Flughafengeb\u00e4ude. Sie ist auch <span style=\"color: #0000ff;\">f\u00fcr die Weiterfahrt  mit Bus 620\/621 bis zur Heilpraxis in Freising noch g\u00fcltig<\/span>. Der <span style=\"color: #0000ff;\">Umstieg am Busbahnhof in Freising ist ganz einfach<\/span>: sie wechseln vom Flughafenbus 635 direkt an den \u00fcbern\u00e4chsten Busbahnsteig, zum <span style=\"color: #0000ff;\">Bus 621 (620) in Richtung &#8222;Neustift&#8220; <\/span>und fahren bis zur <span style=\"color: #0000ff;\">Haltestelle &#8222;Angermaierstra\u00dfe&#8220;<\/span>. Nach <span style=\"color: #0000ff;\">ca. 260 m Fu\u00dfweg<\/span> <span style=\"color: #0000ff;\">entlang der Angermaierstra\u00dfe<\/span> finden Sie auf der linken Seite die Stra\u00dfenecke zur <span style=\"color: #0000ff;\">&#8222;Arndtstra\u00dfe Nr.33&#8220;<\/span>&nbsp;S. So haben Sie bereits Ihr Ziel erreicht.&nbsp; : )<\/p>\n\n\n\n<p>&nbsp;<\/p>\n\n\n\n<figure class=\"wp-block-image\"><img loading=\"lazy\" decoding=\"async\" width=\"2560\" height=\"1440\" src=\"http:\/\/www.antje-loos-heilpraktikerin.de\/wordpress\/wp-content\/uploads\/2016\/06\/Kaktusinneres20180207_100027.jpg\" alt=\"\" class=\"wp-image-811\" srcset=\"https:\/\/www.antje-loos-heilpraktikerin.de\/wordpress\/wp-content\/uploads\/2016\/06\/Kaktusinneres20180207_100027.jpg 2560w, https:\/\/www.antje-loos-heilpraktikerin.de\/wordpress\/wp-content\/uploads\/2016\/06\/Kaktusinneres20180207_100027-300x169.jpg 300w, https:\/\/www.antje-loos-heilpraktikerin.de\/wordpress\/wp-content\/uploads\/2016\/06\/Kaktusinneres20180207_100027-768x432.jpg 768w, https:\/\/www.antje-loos-heilpraktikerin.de\/wordpress\/wp-content\/uploads\/2016\/06\/Kaktusinneres20180207_100027-1024x576.jpg 1024w\" sizes=\"auto, (max-width: 2560px) 100vw, 2560px\" \/><\/figure>\n\n\n\n<p><\/p>\n","protected":false},"excerpt":{"rendered":"<p>&nbsp; Die Heilpraxis Loos in Freising befindet sich in gut erreichbaren Umkreis von M\u00fcnchen. Die Anreise kann bequem mit den \u00f6ffentlichen Verkehrsmitteln des M\u00fcnchner Verkehrs-Verbunds &#8222;MVV&#8220; erfolgen: S-Bahn S1 bis Bahnhof Freising, dann den Bus 621 (oder 620) bis zur Haltestelle &#8222;Angermaierstra\u00dfe&#8220; nehmen. Von da an sind es nur noch ca. 260 Meter Fu\u00dfweg entlang [&hellip;]<\/p>\n","protected":false},"author":1,"featured_media":0,"parent":0,"menu_order":0,"comment_status":"closed","ping_status":"closed","template":"","meta":{"footnotes":""},"class_list":["post-51","page","type-page","status-publish","hentry"],"_links":{"self":[{"href":"https:\/\/www.antje-loos-heilpraktikerin.de\/wordpress\/wp-json\/wp\/v2\/pages\/51","targetHints":{"allow":["GET"]}}],"collection":[{"href":"https:\/\/www.antje-loos-heilpraktikerin.de\/wordpress\/wp-json\/wp\/v2\/pages"}],"about":[{"href":"https:\/\/www.antje-loos-heilpraktikerin.de\/wordpress\/wp-json\/wp\/v2\/types\/page"}],"author":[{"embeddable":true,"href":"https:\/\/www.antje-loos-heilpraktikerin.de\/wordpress\/wp-json\/wp\/v2\/users\/1"}],"replies":[{"embeddable":true,"href":"https:\/\/www.antje-loos-heilpraktikerin.de\/wordpress\/wp-json\/wp\/v2\/comments?post=51"}],"version-history":[{"count":58,"href":"https:\/\/www.antje-loos-heilpraktikerin.de\/wordpress\/wp-json\/wp\/v2\/pages\/51\/revisions"}],"predecessor-version":[{"id":1375,"href":"https:\/\/www.antje-loos-heilpraktikerin.de\/wordpress\/wp-json\/wp\/v2\/pages\/51\/revisions\/1375"}],"wp:attachment":[{"href":"https:\/\/www.antje-loos-heilpraktikerin.de\/wordpress\/wp-json\/wp\/v2\/media?parent=51"}],"curies":[{"name":"wp","href":"https:\/\/api.w.org\/{rel}","templated":true}]}}