{"id":54,"date":"2016-06-12T19:13:11","date_gmt":"2016-06-12T19:13:11","guid":{"rendered":"http:\/\/192.168.1.27\/wordpress\/?page_id=54"},"modified":"2025-03-12T18:27:03","modified_gmt":"2025-03-12T17:27:03","slug":"impressum","status":"publish","type":"page","link":"https:\/\/www.antje-loos-heilpraktikerin.de\/wordpress\/impressum\/","title":{"rendered":"Datenschutzerkl\u00e4rung, Cookie-Hinweis, Impressum und Widerspruch gegen Werbemails"},"content":{"rendered":"\n<p class=\"has-text-align-right\">V<\/p>\n\n\n\n<p><strong>DATENSCHUTZERKL\u00c4RUNG<\/strong><\/p>\n\n\n\n<figure class=\"wp-block-image alignright wp-image-485 size-medium\"><img loading=\"lazy\" decoding=\"async\" width=\"191\" height=\"300\" src=\"http:\/\/www.antje-loos-heilpraktikerin.de\/wordpress\/wp-content\/uploads\/2016\/06\/20160801_104751-e1471012142976-191x300.jpg\" alt=\"Die Heilpraxisadresse mit Herz und Seele: Arndtstra\u00dfe 33 \/ Ecke Angermaierstra\u00dfe in 85356 Freising. Anmeldung f\u00fcr Behandlungstermine per Telefon: 08161-5194041.\" class=\"wp-image-485\" srcset=\"https:\/\/www.antje-loos-heilpraktikerin.de\/wordpress\/wp-content\/uploads\/2016\/06\/20160801_104751-e1471012142976-191x300.jpg 191w, https:\/\/www.antje-loos-heilpraktikerin.de\/wordpress\/wp-content\/uploads\/2016\/06\/20160801_104751-e1471012142976-768x1205.jpg 768w, https:\/\/www.antje-loos-heilpraktikerin.de\/wordpress\/wp-content\/uploads\/2016\/06\/20160801_104751-e1471012142976-653x1024.jpg 653w, https:\/\/www.antje-loos-heilpraktikerin.de\/wordpress\/wp-content\/uploads\/2016\/06\/20160801_104751-e1471012142976.jpg 1440w\" sizes=\"auto, (max-width: 191px) 100vw, 191px\" \/><figcaption class=\"wp-element-caption\">Die Heilpraxisadresse mit Herz, Seele und Verstand: Arndtstra\u00dfe 33 \/ Ecke Angermaierstra\u00dfe in 85356 Freising. Anmeldung f\u00fcr Behandlungstermine per Telefon: 08161-5194041.<\/figcaption><\/figure>\n\n\n\n<p>Durch die Nutzung dieser Webseite erkl\u00e4ren Sie sich mit der Erhebung, Verarbeitung und Nutzung von Daten gem\u00e4\u00df der nachfolgenden Beschreibung einverstanden:<\/p>\n\n\n\n<p>Meine Webseite https:\/\/www,antje-loos-heilpraktikerin.de\/wordpress enth\u00e4lt allgemeine Information \u00fcber die Heilpraxis Loos in Freising, pers\u00f6nlich von mir, Heilpraktikerin Antje Loos, geleitet&nbsp; Die Homepage ist eine rein statische Seite, die ohne namentliche Registrierung besucht werden kann. Sie bietet reine Information \u00fcber die Heilpraxis f\u00fcr gesundheitsinteressierte Menschen. Von meiner Seite her&nbsp; habe ich keinerlei Dienste beauftragt, die Ihre pers\u00f6nlichen Daten erfassen, wie z.B. Google Analytics-Dienste oder andere. Allerdings w\u00e4re es als allgemeines Internetrisiko irgendwie denkbar, dass generell Daten wie beispielsweise Ihre IP-Adresse, aufgerufene Seiten bzw. Namen der abgerufenen Datei, Datum und Uhrzeit zu statistischen Zwecken auf dem Server gespeichert, ohne dass diese Daten unmittelbar auf Ihre Person bezogen werden.<\/p>\n\n\n\n<p>Personenbezogene Daten von Ihnen, insbesondere Name, Adresse oder E-Mail-Adresse werden auf dieser Webseite von mir pers\u00f6nlich bewusst <strong>nicht<\/strong> erhoben. Deshalb erfolgt typischer Weise auch keine willentliche Weitergabe von personenbezogenen Daten an Dritte ohne Ihre Einwilligung.<\/p>\n\n\n\n<p>Auch WordPress sammelt standardm\u00e4\u00dfig keine personenbezogenen Daten oder Analysedaten von unregistrierten Benutzern der Seite. Es wurde daf\u00fcr auch kein gesondertes Plugin installiert. Auch beinhaltet WordPress standardm\u00e4\u00dfig&nbsp; keine Kontaktformulare, so dass eine Kommentarfunktion mit Erhebung von IP-Adresse und der User-Agent-String zur Browser-Identifikation auf dieser Seite nicht vorgesehen ist. Auch teilt WordPress standardm\u00e4\u00dfig keinerlei personenbezogene Daten mit Dritten, deshalb gibt es auch keine Speicherdauer.<\/p>\n\n\n\n<p>Diese WordPress-Seite nutzt ausschlie\u00dflich administrativ, technisch und sicherheitsrelevant notwendige Plugins von WordPress, n\u00e4mlich den WordPress Importer und damit eventuell verbundene Cookies, die f\u00fcr den sicheren Betrieb und die sichere Erstellung dieser Website erfoderlich sind. Diese beziehen sich aber nicht auf pers\u00f6nliche Daten.<\/p>\n\n\n\n<p>Da keinerlei au\u00dfereurop\u00e4ische Webhosting-, Cloudspeicher oder Drittanbieterdienste beauftragt wurden, gelten durchgehend die Europ\u00e4ischen Datenschutzbestimmungen.<\/p>\n\n\n\n<p>Bei datenschutzrelevanten Anliegen kontaktieren Sie bitte zuerst mich pers\u00f6nlich, um gegebenfalls Verbesserungen oder n\u00f6tige Ver\u00e4nderungen vorzunehmen, unter:<\/p>\n\n\n\n<p>Antje Loos, Heilpraktikerin, Arndtstra\u00dfe 33, 85356 Freising, mail@heilpraktikerinantjeloos.de, Tel: 08161 5194041.<\/p>\n\n\n\n<p>Vielen Dank.<\/p>\n\n\n\n<blockquote class=\"wp-block-quote is-layout-flow wp-block-quote-is-layout-flow\">\n<p>Quellen: Muster-Datenschutzerkl\u00e4rung von anwalt.de: &#8222;https\/\/:www.anwalt.de\/vorlage\/muster-datenschutzerkl\u00e4rung.php&#8220; sowie &#8222;Akismet&#8220;<\/p>\n<\/blockquote>\n\n\n\n<figure class=\"wp-block-image aligncenter\"><img loading=\"lazy\" decoding=\"async\" width=\"1024\" height=\"576\" src=\"http:\/\/www.antje-loos-heilpraktikerin.de\/wordpress\/wp-content\/uploads\/2016\/06\/Hibiskusfrucht20180207_100625-1024x576.jpg\" alt=\"\" class=\"wp-image-807\" srcset=\"https:\/\/www.antje-loos-heilpraktikerin.de\/wordpress\/wp-content\/uploads\/2016\/06\/Hibiskusfrucht20180207_100625-1024x576.jpg 1024w, https:\/\/www.antje-loos-heilpraktikerin.de\/wordpress\/wp-content\/uploads\/2016\/06\/Hibiskusfrucht20180207_100625-300x169.jpg 300w, https:\/\/www.antje-loos-heilpraktikerin.de\/wordpress\/wp-content\/uploads\/2016\/06\/Hibiskusfrucht20180207_100625-768x432.jpg 768w\" sizes=\"auto, (max-width: 1024px) 100vw, 1024px\" \/><\/figure>\n\n\n\n<p><\/p>\n\n\n\n<p><strong>COOKIE-HINWEIS UND -RICHTLINIE:<\/strong><\/p>\n\n\n\n<p>Diese Web-Seite hat einen rein informativen Charakter. Sie verwendet ausschlie\u00dflich technisch unbedingt erforderliche, betriebsnotwendige Cookies, ohne auf personenbezogene Daten zuzugreifen. Diese Webseite verwendet &#8211; soweit mir bekannt ist &#8211; keinerlei Cookies zur Zwischenspeicherung Ihrer pers\u00f6nlichen Daten. Die Homepage dient tats\u00e4chlich lediglich zu Ihrer reinen Information. Durch die weitere Nutzung dieser Seite erkl\u00e4ren Sie sich mit dieser Cookie-Police einverstanden.<\/p>\n\n\n\n<figure class=\"wp-block-image aligncenter\"><img loading=\"lazy\" decoding=\"async\" width=\"1024\" height=\"576\" src=\"http:\/\/www.antje-loos-heilpraktikerin.de\/wordpress\/wp-content\/uploads\/2021\/02\/CookieZustimmung20210205_172421-1024x576.jpg\" alt=\"\" class=\"wp-image-1115\" srcset=\"https:\/\/www.antje-loos-heilpraktikerin.de\/wordpress\/wp-content\/uploads\/2021\/02\/CookieZustimmung20210205_172421-1024x576.jpg 1024w, https:\/\/www.antje-loos-heilpraktikerin.de\/wordpress\/wp-content\/uploads\/2021\/02\/CookieZustimmung20210205_172421-300x169.jpg 300w, https:\/\/www.antje-loos-heilpraktikerin.de\/wordpress\/wp-content\/uploads\/2021\/02\/CookieZustimmung20210205_172421-768x432.jpg 768w, https:\/\/www.antje-loos-heilpraktikerin.de\/wordpress\/wp-content\/uploads\/2021\/02\/CookieZustimmung20210205_172421-1536x864.jpg 1536w, https:\/\/www.antje-loos-heilpraktikerin.de\/wordpress\/wp-content\/uploads\/2021\/02\/CookieZustimmung20210205_172421-2048x1152.jpg 2048w\" sizes=\"auto, (max-width: 1024px) 100vw, 1024px\" \/><\/figure>\n\n\n\n<p><\/p>\n\n\n\n<p><strong>IMPRESSUM<\/strong><\/p>\n\n\n\n<figure class=\"wp-block-image alignright wp-image-479 size-medium\"><img loading=\"lazy\" decoding=\"async\" width=\"300\" height=\"169\" src=\"http:\/\/www.antje-loos-heilpraktikerin.de\/wordpress\/wp-content\/uploads\/2016\/06\/20160801_104534-300x169.jpg\" alt=\"Heilpraxis aus der Sicht der Angermaierstra\u00dfe in der Arndtstra\u00dfe 33 \" class=\"wp-image-479\" srcset=\"https:\/\/www.antje-loos-heilpraktikerin.de\/wordpress\/wp-content\/uploads\/2016\/06\/20160801_104534-300x169.jpg 300w, https:\/\/www.antje-loos-heilpraktikerin.de\/wordpress\/wp-content\/uploads\/2016\/06\/20160801_104534-768x432.jpg 768w, https:\/\/www.antje-loos-heilpraktikerin.de\/wordpress\/wp-content\/uploads\/2016\/06\/20160801_104534-1024x576.jpg 1024w\" sizes=\"auto, (max-width: 300px) 100vw, 300px\" \/><figcaption class=\"wp-element-caption\">Heilpraxis f\u00fcr alternative Schmerztherapie,Fuktions- und Beweglichkeitsoptimierung sowie optionale Sportlerbehandlung und Musikersprechstunde in Freising, Arndtstra\u00dfe 33 aus der Sicht der Angermaierstra\u00dfe<\/figcaption><\/figure>\n\n\n\n<p>Diese Internetseite wurde nach bestem Wissen und Gewissen sehr sorgf\u00e4ltig erstellt und wird aktualisiert von:<\/p>\n\n\n\n<p><strong>Antje Loos, freiberufliche Heilpraktikerin in Deutschland, Arndtstr. 33, D-85356 Freising, Tel.: 08161 5194041 oder 0171 6924443, mail@heilpraktikerinantjeloos.de<\/strong><\/p>\n\n\n\n<figure class=\"wp-block-image alignleft\"><img loading=\"lazy\" decoding=\"async\" width=\"169\" height=\"300\" src=\"http:\/\/www.antje-loos-heilpraktikerin.de\/wordpress\/wp-content\/uploads\/2016\/06\/20160801_104642-e1471004990492-169x300.jpg\" alt=\"20160801_104642\" class=\"wp-image-481\" srcset=\"https:\/\/www.antje-loos-heilpraktikerin.de\/wordpress\/wp-content\/uploads\/2016\/06\/20160801_104642-e1471004990492-169x300.jpg 169w, https:\/\/www.antje-loos-heilpraktikerin.de\/wordpress\/wp-content\/uploads\/2016\/06\/20160801_104642-e1471004990492-768x1365.jpg 768w, https:\/\/www.antje-loos-heilpraktikerin.de\/wordpress\/wp-content\/uploads\/2016\/06\/20160801_104642-e1471004990492-576x1024.jpg 576w, https:\/\/www.antje-loos-heilpraktikerin.de\/wordpress\/wp-content\/uploads\/2016\/06\/20160801_104642-e1471004990492.jpg 1440w\" sizes=\"auto, (max-width: 169px) 100vw, 169px\" \/><\/figure>\n\n\n\n<p>Bei etwaigen Beanstandungen des Inhaltes werden Sie gebeten, sich im ersten Schritt direkt an die Erstellerin zu wenden. Solche Inhalte werden dann gegebenenfalls umgehend gepr\u00fcft, ge\u00e4ndert bzw. entfernt. Es besteht kein Anspruch auf die absolute Vollst\u00e4ndigkeit und Richtigkeit aller Angaben. Die Inhalte eventueller Links auf fremde Seiten wurden zum Zeitpunkt der Verlinkung sorgf\u00e4ltig betrachtet, jedoch kann daf\u00fcr keine Haftung \u00fcbernommen werden. Gerichtsstand ist M\u00fcnchen.<\/p>\n\n\n\n<h2 class=\"wp-block-heading\">WIDERSPRUCH AUF WERBE-MAILS<\/h2>\n\n\n\n<p>Der Nutzung von im Rahmen der Impressumspflicht ver\u00f6ffentlichten Kontaktdaten zur \u00dcbersendung von nicht ausdr\u00fccklich angeforderter Werbung und Informationsmaterialien wird hiermit widersprochen. Die Betreiberin der Seite beh\u00e4lt sich rechtliche Schritte im Falle der unverlangten Zusendung von Werbeinformationen, etwa durch Spam-E-Mails, ausdr\u00fccklich vor.<\/p>\n\n\n\n<figure class=\"wp-block-image aligncenter\"><img loading=\"lazy\" decoding=\"async\" width=\"2560\" height=\"1440\" src=\"http:\/\/www.antje-loos-heilpraktikerin.de\/wordpress\/wp-content\/uploads\/2016\/06\/Sonnenfeuer_Erde_Wasser_Luft_Holz_Metallsalze.jpg\" alt=\"\" class=\"wp-image-714\" srcset=\"https:\/\/www.antje-loos-heilpraktikerin.de\/wordpress\/wp-content\/uploads\/2016\/06\/Sonnenfeuer_Erde_Wasser_Luft_Holz_Metallsalze.jpg 2560w, https:\/\/www.antje-loos-heilpraktikerin.de\/wordpress\/wp-content\/uploads\/2016\/06\/Sonnenfeuer_Erde_Wasser_Luft_Holz_Metallsalze-300x169.jpg 300w, https:\/\/www.antje-loos-heilpraktikerin.de\/wordpress\/wp-content\/uploads\/2016\/06\/Sonnenfeuer_Erde_Wasser_Luft_Holz_Metallsalze-768x432.jpg 768w, https:\/\/www.antje-loos-heilpraktikerin.de\/wordpress\/wp-content\/uploads\/2016\/06\/Sonnenfeuer_Erde_Wasser_Luft_Holz_Metallsalze-1024x576.jpg 1024w\" sizes=\"auto, (max-width: 2560px) 100vw, 2560px\" \/><\/figure>\n\n\n\n<p><\/p>\n","protected":false},"excerpt":{"rendered":"<p>V DATENSCHUTZERKL\u00c4RUNG Durch die Nutzung dieser Webseite erkl\u00e4ren Sie sich mit der Erhebung, Verarbeitung und Nutzung von Daten gem\u00e4\u00df der nachfolgenden Beschreibung einverstanden: Meine Webseite https:\/\/www,antje-loos-heilpraktikerin.de\/wordpress enth\u00e4lt allgemeine Information \u00fcber die Heilpraxis Loos in Freising, pers\u00f6nlich von mir, Heilpraktikerin Antje Loos, geleitet&nbsp; Die Homepage ist eine rein statische Seite, die ohne namentliche Registrierung besucht werden [&hellip;]<\/p>\n","protected":false},"author":1,"featured_media":0,"parent":0,"menu_order":0,"comment_status":"closed","ping_status":"closed","template":"","meta":{"footnotes":""},"class_list":["post-54","page","type-page","status-publish","hentry"],"_links":{"self":[{"href":"https:\/\/www.antje-loos-heilpraktikerin.de\/wordpress\/wp-json\/wp\/v2\/pages\/54","targetHints":{"allow":["GET"]}}],"collection":[{"href":"https:\/\/www.antje-loos-heilpraktikerin.de\/wordpress\/wp-json\/wp\/v2\/pages"}],"about":[{"href":"https:\/\/www.antje-loos-heilpraktikerin.de\/wordpress\/wp-json\/wp\/v2\/types\/page"}],"author":[{"embeddable":true,"href":"https:\/\/www.antje-loos-heilpraktikerin.de\/wordpress\/wp-json\/wp\/v2\/users\/1"}],"replies":[{"embeddable":true,"href":"https:\/\/www.antje-loos-heilpraktikerin.de\/wordpress\/wp-json\/wp\/v2\/comments?post=54"}],"version-history":[{"count":60,"href":"https:\/\/www.antje-loos-heilpraktikerin.de\/wordpress\/wp-json\/wp\/v2\/pages\/54\/revisions"}],"predecessor-version":[{"id":1358,"href":"https:\/\/www.antje-loos-heilpraktikerin.de\/wordpress\/wp-json\/wp\/v2\/pages\/54\/revisions\/1358"}],"wp:attachment":[{"href":"https:\/\/www.antje-loos-heilpraktikerin.de\/wordpress\/wp-json\/wp\/v2\/media?parent=54"}],"curies":[{"name":"wp","href":"https:\/\/api.w.org\/{rel}","templated":true}]}}