{"id":749,"date":"2018-02-19T22:07:52","date_gmt":"2018-02-19T21:07:52","guid":{"rendered":"http:\/\/www.antje-loos-heilpraktikerin.de\/wordpress\/?page_id=749"},"modified":"2025-03-12T18:36:42","modified_gmt":"2025-03-12T17:36:42","slug":"uebersichtsblatt","status":"publish","type":"page","link":"https:\/\/www.antje-loos-heilpraktikerin.de\/wordpress\/uebersichtsblatt\/","title":{"rendered":"\u00dcbersichtsfaltblatt"},"content":{"rendered":"\n<p>Einen kurzen, kompakten \u00dcberblick k\u00f6nnen Sie zusammengefasst im \u00dcbersichtsfaltblatt gewinnen:<\/p>\n\n\n\n<figure class=\"wp-block-image aligncenter size-large size-full wp-image-839\"><img loading=\"lazy\" decoding=\"async\" width=\"1024\" height=\"724\" src=\"https:\/\/www.antje-loos-heilpraktikerin.de\/wordpress\/wp-content\/uploads\/2025\/03\/APMFlyerFinalMittigFebruar2025A5gruenS4u1-1024x724.jpg\" alt=\"\" class=\"wp-image-1361\" srcset=\"https:\/\/www.antje-loos-heilpraktikerin.de\/wordpress\/wp-content\/uploads\/2025\/03\/APMFlyerFinalMittigFebruar2025A5gruenS4u1-1024x724.jpg 1024w, https:\/\/www.antje-loos-heilpraktikerin.de\/wordpress\/wp-content\/uploads\/2025\/03\/APMFlyerFinalMittigFebruar2025A5gruenS4u1-300x212.jpg 300w, https:\/\/www.antje-loos-heilpraktikerin.de\/wordpress\/wp-content\/uploads\/2025\/03\/APMFlyerFinalMittigFebruar2025A5gruenS4u1-768x543.jpg 768w, https:\/\/www.antje-loos-heilpraktikerin.de\/wordpress\/wp-content\/uploads\/2025\/03\/APMFlyerFinalMittigFebruar2025A5gruenS4u1-1536x1086.jpg 1536w, https:\/\/www.antje-loos-heilpraktikerin.de\/wordpress\/wp-content\/uploads\/2025\/03\/APMFlyerFinalMittigFebruar2025A5gruenS4u1.jpg 1871w\" sizes=\"auto, (max-width: 1024px) 100vw, 1024px\" \/><figcaption class=\"wp-element-caption\">Faltblatt-Au\u00dfenseite<\/figcaption><\/figure>\n\n\n\n<figure class=\"wp-block-image aligncenter size-large size-full wp-image-825\"><img loading=\"lazy\" decoding=\"async\" width=\"1024\" height=\"724\" src=\"https:\/\/www.antje-loos-heilpraktikerin.de\/wordpress\/wp-content\/uploads\/2025\/03\/APMFlyerFebruar2025FinalA52u3GeradeSchriftGruenWeiss-1024x724.jpg\" alt=\"\" class=\"wp-image-1360\" srcset=\"https:\/\/www.antje-loos-heilpraktikerin.de\/wordpress\/wp-content\/uploads\/2025\/03\/APMFlyerFebruar2025FinalA52u3GeradeSchriftGruenWeiss-1024x724.jpg 1024w, https:\/\/www.antje-loos-heilpraktikerin.de\/wordpress\/wp-content\/uploads\/2025\/03\/APMFlyerFebruar2025FinalA52u3GeradeSchriftGruenWeiss-300x212.jpg 300w, https:\/\/www.antje-loos-heilpraktikerin.de\/wordpress\/wp-content\/uploads\/2025\/03\/APMFlyerFebruar2025FinalA52u3GeradeSchriftGruenWeiss-768x543.jpg 768w, https:\/\/www.antje-loos-heilpraktikerin.de\/wordpress\/wp-content\/uploads\/2025\/03\/APMFlyerFebruar2025FinalA52u3GeradeSchriftGruenWeiss-1536x1086.jpg 1536w, https:\/\/www.antje-loos-heilpraktikerin.de\/wordpress\/wp-content\/uploads\/2025\/03\/APMFlyerFebruar2025FinalA52u3GeradeSchriftGruenWeiss.jpg 1871w\" sizes=\"auto, (max-width: 1024px) 100vw, 1024px\" \/><figcaption class=\"wp-element-caption\">Faltblatt-Innenseite<\/figcaption><\/figure>\n","protected":false},"excerpt":{"rendered":"<p>Einen kurzen, kompakten \u00dcberblick k\u00f6nnen Sie zusammengefasst im \u00dcbersichtsfaltblatt gewinnen:<\/p>\n","protected":false},"author":1,"featured_media":0,"parent":0,"menu_order":0,"comment_status":"closed","ping_status":"closed","template":"","meta":{"footnotes":""},"class_list":["post-749","page","type-page","status-publish","hentry"],"_links":{"self":[{"href":"https:\/\/www.antje-loos-heilpraktikerin.de\/wordpress\/wp-json\/wp\/v2\/pages\/749","targetHints":{"allow":["GET"]}}],"collection":[{"href":"https:\/\/www.antje-loos-heilpraktikerin.de\/wordpress\/wp-json\/wp\/v2\/pages"}],"about":[{"href":"https:\/\/www.antje-loos-heilpraktikerin.de\/wordpress\/wp-json\/wp\/v2\/types\/page"}],"author":[{"embeddable":true,"href":"https:\/\/www.antje-loos-heilpraktikerin.de\/wordpress\/wp-json\/wp\/v2\/users\/1"}],"replies":[{"embeddable":true,"href":"https:\/\/www.antje-loos-heilpraktikerin.de\/wordpress\/wp-json\/wp\/v2\/comments?post=749"}],"version-history":[{"count":29,"href":"https:\/\/www.antje-loos-heilpraktikerin.de\/wordpress\/wp-json\/wp\/v2\/pages\/749\/revisions"}],"predecessor-version":[{"id":1364,"href":"https:\/\/www.antje-loos-heilpraktikerin.de\/wordpress\/wp-json\/wp\/v2\/pages\/749\/revisions\/1364"}],"wp:attachment":[{"href":"https:\/\/www.antje-loos-heilpraktikerin.de\/wordpress\/wp-json\/wp\/v2\/media?parent=749"}],"curies":[{"name":"wp","href":"https:\/\/api.w.org\/{rel}","templated":true}]}}